{"id":772,"date":"2022-02-23T21:07:14","date_gmt":"2022-02-23T21:07:14","guid":{"rendered":"https:\/\/startersites.io\/stagingfour\/?page_id=772"},"modified":"2026-01-06T17:43:21","modified_gmt":"2026-01-06T17:43:21","slug":"home","status":"publish","type":"page","link":"https:\/\/piotrzawadzki.pl\/","title":{"rendered":""},"content":{"rendered":"\n<div class=\"wp-block-stackable-columns stk-block-columns stk-block stk-bde921d stk-block-background alignfull stk-3c28047 stk--has-background-overlay\" data-block-id=\"bde921d\"><style>.stk-bde921d {background-color:var(--theme-palette-color-7, #1a1a1a) !important;padding-top:50px !important;padding-right:50px !important;padding-bottom:50px !important;padding-left:50px !important;margin-bottom:0px !important;}.stk-bde921d:before{background-color:var(--theme-palette-color-7, #1a1a1a) !important;}<\/style><div class=\"stk-row stk-inner-blocks stk-block-content stk-content-align stk-bde921d-column\">\n<div class=\"wp-block-stackable-column stk-block-column stk-column stk-block stk-31de384\" data-v=\"4\" data-block-id=\"31de384\"><style>.stk-31de384-container{margin-top:25px !important;margin-right:25px !important;margin-bottom:25px !important;margin-left:25px !important;min-height:0vh !important;}.stk-31de384 {min-height:0px !important;max-width:1500px !important;min-width:auto !important;padding-top:var(--stk--preset--spacing--none, 0px) !important;padding-right:var(--stk--preset--spacing--none, 0px) !important;padding-bottom:var(--stk--preset--spacing--none, 0px) !important;padding-left:var(--stk--preset--spacing--none, 0px) !important;margin-bottom:var(--stk--preset--spacing--none, 0px) !important;}@media screen and (max-width:689px){.stk-31de384 {padding-top:0px !important;padding-right:0px !important;padding-bottom:0px !important;padding-left:0px !important;}.stk-31de384-container{min-height:var(--stk--preset--block-height--full, 100vh) !important;}}<\/style><div class=\"stk-column-wrapper stk-block-column__content stk-container stk-31de384-container stk--no-background stk--no-padding\"><div class=\"stk-block-content stk-inner-blocks stk-31de384-inner-blocks\">\n<div class=\"wp-block-stackable-heading stk-block-heading stk-block-heading--v2 stk-block stk-922ac88\" id=\"piotr-zawadzki\" data-block-id=\"922ac88\"><style>.stk-922ac88 {min-height:var(--stk--preset--block-height--none, 0px) !important;padding-top:16px !important;padding-right:16px !important;padding-bottom:16px !important;padding-left:16px !important;margin-bottom:0px !important;}.stk-922ac88 .stk-block-heading__text{font-size:115px !important;line-height:1em !important;font-weight:800 !important;}@media screen and (max-width:999px){.stk-922ac88 .stk-block-heading__text{font-size:70px !important;}}@media screen and (max-width:689px){.stk-922ac88 {max-width:1500px !important;min-width:auto !important;}.stk-922ac88 .stk-block-heading__text{font-size:27px !important;}}<\/style><h1 class=\"stk-block-heading__text has-text-align-center-mobile\">Piotr Zawadzki <\/h1><\/div>\n\n\n\n<div class=\"wp-block-stackable-text stk-block-text stk-block stk-8703991 hero-text\" data-block-id=\"8703991\"><style>.stk-8703991 {padding-top:8px !important;padding-right:8px !important;padding-bottom:8px !important;padding-left:8px !important;margin-bottom:0px !important;}.stk-8703991 .stk-block-text__text{font-size:28px !important;color:var(--theme-palette-color-4, #ffffff) !important;font-weight:normal !important;font-style:normal !important;}@media screen and (max-width:999px){.stk-8703991 .stk-block-text__text{font-size:28px !important;}}@media screen and (max-width:689px){.stk-8703991 .stk-block-text__text{font-size:12px !important;}}<\/style><p class=\"stk-block-text__text has-text-color has-palette-color-4-color has-text-align-center has-text-align-center-mobile\">  \u0141\u0105cz\u0119 intensywn\u0105 terapi\u0119, dydaktyk\u0119 akademick\u0105 i nowoczesne technologie w edukacji medycznej.<\/p><\/div>\n\n\n\n<p class=\"has-palette-color-3-color has-text-color has-link-color wp-elements-44ebe9309297bc66d9c4cf772122b05d\" style=\"font-size:clamp(14px, 0.875rem + ((1vw - 3.2px) * 0.156), 16px);\"> Piel\u0119gniarz OIT \u00b7 Ratownik medyczny \u00b7 Asystent dydaktyczny WUM \u00b7 Symulacja medyczna<\/p>\n\n\n\n<p class=\"has-large-font-size\" style=\"font-style:normal;font-weight:200\">Pracuj\u0119 klinicznie na Oddziale Intensywnej Terapii oraz jako dydaktyk akademicki w obszarze anestezjologii i intensywnej terapii.<br>Zajmuj\u0119 si\u0119 edukacj\u0105 student\u00f3w kierunk\u00f3w medycznych oraz rozwojem nowoczesnych form kszta\u0142cenia z wykorzystaniem nowoczesnych technologii i symulacji medycznej.<\/p>\n<\/div><\/div><\/div>\n<\/div><\/div>\n\n\n\n<div class=\"wp-block-stackable-columns stk-block-columns stk-block stk-4dcce0e\" data-block-id=\"4dcce0e\"><style>.stk-4dcce0e .stk--block-align-4dcce0e{align-items:flex-end !important;}.stk-4dcce0e {border-style:solid !important;border-top-width:0px !important;border-right-width:0px !important;border-bottom-width:0px !important;border-left-width:0px !important;margin-bottom:0px !important;}@media screen and (max-width:689px){.stk-4dcce0e-column{row-gap:35px !important;}}<\/style><div class=\"stk-row stk-inner-blocks stk--block-align-4dcce0e stk-block-content stk-content-align stk-4dcce0e-column\">\n<div class=\"wp-block-stackable-column stk-block-column stk-column stk-block stk-329ce21\" data-v=\"4\" data-block-id=\"329ce21\"><style>.stk-329ce21-container{margin-top:0px !important;margin-right:0px !important;margin-bottom:0px !important;margin-left:0px !important;}.stk-329ce21 {border-style:solid !important;border-top-width:0px !important;border-right-width:0px !important;border-bottom-width:0px !important;border-left-width:0px !important;}<\/style><div class=\"stk-column-wrapper stk-block-column__content stk-container stk-329ce21-container stk--no-background stk--no-padding\"><div class=\"stk-block-content stk-inner-blocks stk-329ce21-inner-blocks\">\n<div class=\"wp-block-stackable-heading stk-block-heading stk-block-heading--v2 stk-block stk-463b749 ct-advanced-heading\" id=\"obszary-mojej-pracy\" data-block-id=\"463b749\"><style>.stk-463b749 {padding-top:var(--stk--preset--spacing--40, 1rem) !important;padding-left:20px !important;margin-top:var(--stk--preset--spacing--60, 2.25rem) !important;margin-bottom:43px !important;}.stk-463b749 .stk-block-heading__text{font-size:60px !important;font-weight:800 !important;}@media screen and (max-width:999px){.stk-463b749 .stk-block-heading__text{font-size:40px !important;}}@media screen and (max-width:689px){.stk-463b749 .stk-block-heading__text{font-size:20px !important;}}<\/style><h2 class=\"stk-block-heading__text has-text-align-center-mobile\">Obszary mojej pracy<\/h2><\/div>\n<\/div><\/div><\/div>\n<\/div><\/div>\n\n\n\n<div class=\"wp-block-stackable-columns stk-block-columns stk-block stk-a5bc981 ct-special-features\" data-block-id=\"a5bc981\"><style>.stk-a5bc981 {margin-bottom:0px !important;}@media screen and (max-width:999px){.stk-a5bc981-column{--stk-column-gap:25px !important;}}@media screen and (max-width:689px){.stk-a5bc981-column{row-gap:35px !important;}}<\/style><div class=\"stk-row stk-inner-blocks stk-block-content stk-content-align stk-a5bc981-column\">\n<div class=\"wp-block-stackable-column stk-block-column stk-column stk-block stk-622c7a4 stk-block-background\" data-v=\"4\" data-block-id=\"622c7a4\"><style>.stk-622c7a4-container{margin-top:0px !important;margin-right:0px !important;margin-bottom:0px !important;margin-left:0px !important;}.stk-622c7a4 {background-color:var(--theme-palette-color-8, #ffffff) !important;border-radius:8px !important;overflow:hidden !important;padding-top:80px !important;padding-right:70px !important;padding-bottom:80px !important;padding-left:70px !important;}.stk-622c7a4:hover{background-color:var(--theme-palette-color-1, #e65616) !important;}.stk-622c7a4:before{background-color:var(--theme-palette-color-8, #ffffff) !important;}.stk-622c7a4:hover:before{background-color:var(--theme-palette-color-1, #e65616) !important;}@media screen and (max-width:999px){.stk-622c7a4 {padding-top:30px !important;padding-right:30px !important;padding-bottom:30px !important;padding-left:30px !important;}}@media screen and (max-width:689px){.stk-622c7a4 {padding-top:40px !important;padding-bottom:40px !important;}}<\/style><div class=\"stk-column-wrapper stk-block-column__content stk-container stk-622c7a4-container stk--no-background stk--no-padding\"><div class=\"has-text-align-left stk-block-content stk-inner-blocks stk-622c7a4-inner-blocks\">\n<div class=\"wp-block-stackable-heading stk-block-heading stk-block-heading--v2 stk-block stk-592ef48\" id=\"praktyka-klinicza\" data-block-id=\"592ef48\"><style>.stk-592ef48 {margin-bottom:16px !important;}.stk-592ef48 .stk-block-heading__text{font-weight:800 !important;}<\/style><h5 class=\"stk-block-heading__text has-text-align-center-mobile\">Praktyka klinicza <\/h5><\/div>\n\n\n\n<div class=\"wp-block-stackable-text stk-block-text stk-block stk-a2f8734\" data-block-id=\"a2f8734\"><style>.stk-a2f8734 .stk-block-text__text{color:var(--theme-palette-color-4, #ffffff) !important;}<\/style><p class=\"stk-block-text__text has-text-color has-palette-color-4-color has-text-align-center-mobile\">Jestem piel\u0119gniarzem. Do\u015bwiadczenie zawodowe zdobywa\u0142em m.in. na Szpitalnych Oddzia\u0142ach Ratunkowych, w zespo\u0142ach ratownictwa medycznego, na oddziale toksykologii klinicznej, a obecnie pracuj\u0119 na Oddziale Intensywnej Terapii.<br>Praktyka kliniczna stanowi podstaw\u0119 mojej pracy dydaktycznej i projektowej.<\/p><\/div>\n\n\n\n<p><\/p>\n<\/div><\/div><\/div>\n\n\n\n<div class=\"wp-block-stackable-column stk-block-column stk-column stk-block stk-a7c50c6 stk-block-background\" data-v=\"4\" data-block-id=\"a7c50c6\"><style>.stk-a7c50c6-container{margin-top:0px !important;margin-right:0px !important;margin-bottom:0px !important;margin-left:0px !important;}.stk-a7c50c6 {background-color:var(--theme-palette-color-8, #ffffff) !important;border-radius:8px !important;overflow:hidden !important;padding-top:80px !important;padding-right:70px !important;padding-bottom:80px !important;padding-left:70px !important;}.stk-a7c50c6:hover{background-color:var(--theme-palette-color-1, #e65616) !important;}.stk-a7c50c6:before{background-color:var(--theme-palette-color-8, #ffffff) !important;}.stk-a7c50c6:hover:before{background-color:var(--theme-palette-color-1, #e65616) !important;}@media screen and (max-width:999px){.stk-a7c50c6 {padding-top:30px !important;padding-right:30px !important;padding-bottom:30px !important;padding-left:30px !important;}}@media screen and (max-width:689px){.stk-a7c50c6 {padding-top:40px !important;padding-bottom:40px !important;}}<\/style><div class=\"stk-column-wrapper stk-block-column__content stk-container stk-a7c50c6-container stk--no-background stk--no-padding\"><div class=\"has-text-align-left stk-block-content stk-inner-blocks stk-a7c50c6-inner-blocks\">\n<div class=\"wp-block-stackable-heading stk-block-heading stk-block-heading--v2 stk-block stk-4c586e3\" id=\"edukacja-medyczna\" data-block-id=\"4c586e3\"><style>.stk-4c586e3 {margin-bottom:16px !important;}.stk-4c586e3 .stk-block-heading__text{font-weight:800 !important;}<\/style><h5 class=\"stk-block-heading__text has-text-align-center-mobile\">Edukacja medyczna <\/h5><\/div>\n\n\n\n<div class=\"wp-block-stackable-text stk-block-text stk-block stk-e224ee3\" data-block-id=\"e224ee3\"><style>.stk-e224ee3 .stk-block-text__text{color:var(--theme-palette-color-4, #ffffff) !important;}<\/style><p class=\"stk-block-text__text has-text-color has-palette-color-4-color has-text-align-center-mobile\">Prowadz\u0119 zaj\u0119cia dla student\u00f3w kierunk\u00f3w medycznych w zakresie zabieg\u00f3w medycznych, podstaw opieki nad pacjentem w stanie zagro\u017cenia \u017cycia oraz komunikacji i pracy w zespole.<br>Bra\u0142em udzia\u0142 w realizacji szkole\u0144 kryzysowych w okresie pandemii COVID-19 dla szpitali klinicznych oraz r\u00f3\u017cnych grup zawod\u00f3w medycznych.<\/p><\/div>\n\n\n\n<p><\/p>\n<\/div><\/div><\/div>\n\n\n\n<div class=\"wp-block-stackable-column stk-block-column stk-column stk-block stk-fe0d40e stk-block-background\" data-v=\"4\" data-block-id=\"fe0d40e\"><style>.stk-fe0d40e-container{margin-top:0px !important;margin-right:0px !important;margin-bottom:0px !important;margin-left:0px !important;}.stk-fe0d40e {background-color:var(--theme-palette-color-8, #ffffff) !important;border-radius:8px !important;overflow:hidden !important;padding-top:80px !important;padding-right:70px !important;padding-bottom:80px !important;padding-left:70px !important;}.stk-fe0d40e:hover{background-color:var(--theme-palette-color-1, #e65616) !important;}.stk-fe0d40e:before{background-color:var(--theme-palette-color-8, #ffffff) !important;}.stk-fe0d40e:hover:before{background-color:var(--theme-palette-color-1, #e65616) !important;}@media screen and (max-width:999px){.stk-fe0d40e {padding-top:30px !important;padding-right:30px !important;padding-bottom:30px !important;padding-left:30px !important;}}@media screen and (max-width:689px){.stk-fe0d40e {padding-top:40px !important;padding-bottom:40px !important;}}<\/style><div class=\"stk-column-wrapper stk-block-column__content stk-container stk-fe0d40e-container stk--no-background stk--no-padding\"><div class=\"has-text-align-left stk-block-content stk-inner-blocks stk-fe0d40e-inner-blocks\">\n<div class=\"wp-block-stackable-heading stk-block-heading stk-block-heading--v2 stk-block stk-9ae91ee\" id=\"nowe-technologie-w-medycynie\" data-block-id=\"9ae91ee\"><style>.stk-9ae91ee {margin-bottom:16px !important;}.stk-9ae91ee .stk-block-heading__text{font-weight:800 !important;}<\/style><h5 class=\"stk-block-heading__text has-text-align-center-mobile\">Nowe technologie w medycynie<\/h5><\/div>\n\n\n\n<div class=\"wp-block-stackable-text stk-block-text stk-block stk-9dc6d4b\" data-block-id=\"9dc6d4b\"><style>.stk-9dc6d4b .stk-block-text__text{color:var(--theme-palette-color-4, #ffffff) !important;}<\/style><p class=\"stk-block-text__text has-text-color has-palette-color-4-color has-text-align-center-mobile\">Rozwijam i testuj\u0119 wykorzystanie AI, VR oraz narz\u0119dzi cyfrowych w edukacji klinicznej.<br>Sprawdzam, jak nowe technologie mog\u0105 wspiera\u0107 nauczanie procedur, podejmowanie decyzji i prac\u0119 zespo\u0142ow\u0105.<br>Skupiam si\u0119 na rozwi\u0105zaniach, kt\u00f3re realnie pomagaj\u0105 w przygotowaniu do pracy z pacjentem.<\/p><\/div>\n\n\n\n<p>R<\/p>\n\n\n\n<p><\/p>\n<\/div><\/div><\/div>\n<\/div><\/div>\n\n\n\n<p><\/p>\n\n\n","protected":false},"excerpt":{"rendered":"<p>Piotr Zawadzki \u0141\u0105cz\u0119 intensywn\u0105 terapi\u0119, dydaktyk\u0119 akademick\u0105 i nowoczesne technologie w edukacji medycznej. Piel\u0119gniarz OIT \u00b7 Ratownik medyczny \u00b7 Asystent dydaktyczny WUM \u00b7 Symulacja medyczna Pracuj\u0119 klinicznie na Oddziale Intensywnej Terapii oraz jako dydaktyk akademicki w obszarze anestezjologii i intensywnej terapii.Zajmuj\u0119 si\u0119 edukacj\u0105 student\u00f3w kierunk\u00f3w medycznych oraz rozwojem nowoczesnych form kszta\u0142cenia z wykorzystaniem nowoczesnych technologii [&hellip;]<\/p>\n","protected":false},"author":1,"featured_media":0,"parent":0,"menu_order":0,"comment_status":"closed","ping_status":"closed","template":"","meta":{"footnotes":""},"class_list":["post-772","page","type-page","status-publish","hentry"],"blocksy_meta":{"page_title_panel":"","has_hero_section":"disabled","102e4043c3c1b86c8a1b26630555c727":"","hero_section":"type-1","hero_elements":[{"id":"custom_title","enabled":true,"heading_tag":"h1","title":"Home"},{"id":"custom_description","enabled":true,"description_visibility":{"desktop":true,"tablet":true,"mobile":false}},{"id":"custom_meta","enabled":false,"meta_elements":[{"id":"author","enabled":true,"label":"By","has_author_avatar":"yes","avatar_size":25},{"id":"post_date","enabled":true,"label":"On","date_format_source":"default","date_format":"M j, Y"},{"id":"updated_date","enabled":false,"label":"On","date_format_source":"default","date_format":"M j, Y"},{"id":"categories","enabled":false,"label":"In","style":"simple"},{"id":"comments","enabled":true}],"page_meta_elements":{"joined":true,"articles_count":true,"comments":true}},{"id":"breadcrumbs","enabled":false}],"ab4e5039ac6f5f6954283c977ddd967c":"","hero_alignment1":"CT_CSS_SKIP_RULE","hero_margin":40,"hero_alignment2":"center","hero_vertical_alignment":"center","e9cf4eb6d90feb78dfb0ed9a69d95b37":"","hero_structure":"narrow","30ab69617d9a07b915f82c1a82c82dbd":"","page_title_bg_type":"featured_image","custom_hero_background":{"attachment_id":null},"parallax":{"desktop":false,"tablet":false,"mobile":false},"24de2d8ec992d24ed56eb196467d320d":"","hero_height":"250px","pageTitleFont":{"family":"Default","variation":"Default","size":"30px","line-height":"CT_CSS_SKIP_RULE","letter-spacing":"CT_CSS_SKIP_RULE","text-transform":"CT_CSS_SKIP_RULE","text-decoration":"CT_CSS_SKIP_RULE"},"pageTitleFontColor":{"default":{"color":"CT_CSS_SKIP_RULEDEFAULT"}},"pageMetaFont":{"family":"Default","variation":"n6","size":"12px","line-height":"1.3","letter-spacing":"CT_CSS_SKIP_RULE","text-transform":"uppercase","text-decoration":"CT_CSS_SKIP_RULE"},"pageMetaFontColor":{"default":{"color":"CT_CSS_SKIP_RULEDEFAULT"},"hover":{"color":"CT_CSS_SKIP_RULEDEFAULT"}},"page_meta_button_type_font_colors":{"default":{"color":"CT_CSS_SKIP_RULEDEFAULT"},"hover":{"color":"CT_CSS_SKIP_RULEDEFAULT"}},"page_meta_button_type_background_colors":{"default":{"color":"CT_CSS_SKIP_RULEDEFAULT"},"hover":{"color":"CT_CSS_SKIP_RULEDEFAULT"}},"pageExcerptFont":{"family":"Default","variation":"Default","size":"CT_CSS_SKIP_RULE","line-height":"CT_CSS_SKIP_RULE","letter-spacing":"CT_CSS_SKIP_RULE","text-transform":"CT_CSS_SKIP_RULE","text-decoration":"CT_CSS_SKIP_RULE"},"pageExcerptColor":{"default":{"color":"CT_CSS_SKIP_RULEDEFAULT"}},"breadcrumbsFont":{"family":"Default","variation":"Default","size":"CT_CSS_SKIP_RULE","line-height":"CT_CSS_SKIP_RULE","letter-spacing":"CT_CSS_SKIP_RULE","text-transform":"CT_CSS_SKIP_RULE","text-decoration":"CT_CSS_SKIP_RULE"},"breadcrumbsFontColor":{"default":{"color":"CT_CSS_SKIP_RULEDEFAULT"},"initial":{"color":"CT_CSS_SKIP_RULEDEFAULT"},"hover":{"color":"CT_CSS_SKIP_RULEDEFAULT"}},"pageTitleOverlay":{"background_type":"color","background_pattern":"type-1","background_image":{"attachment_id":null,"x":0,"y":0},"gradient":"linear-gradient(135deg,rgba(6,147,227,1) 0%,rgb(155,81,224) 100%)","background_repeat":"repeat","background_size":"auto","background_attachment":"scroll","patternColor":{"default":{"color":"#e5e7ea"}},"overlayColor":{"default":{"color":"CT_CSS_SKIP_RULE"}},"backgroundColor":{"default":{"color":"CT_CSS_SKIP_RULE"}}},"pageTitleBackground":{"background_type":"color","background_pattern":"type-1","background_image":{"attachment_id":null,"x":0,"y":0},"gradient":"linear-gradient(135deg,rgba(6,147,227,1) 0%,rgb(155,81,224) 100%)","background_repeat":"repeat","background_size":"auto","background_attachment":"scroll","patternColor":{"default":{"color":"#e5e7ea"}},"overlayColor":{"default":{"color":"CT_CSS_SKIP_RULE"}},"backgroundColor":{"default":{"color":"var(--theme-palette-color-6)"}}},"pageTitlePadding":{"top":"50px","bottom":"50px","left":"auto","right":"auto","linked":true},"2b0b3b4da6f27a42e7c90d0f1748c070":"","page_structure_type":"default","908111ad183cbb318713522f34fbaedb":"","content_style_source":"inherit","content_style":"wide","vertical_spacing_source":"custom","content_area_spacing":"none","background":{"background_type":"color","background_pattern":"type-1","background_image":{"attachment_id":null,"x":0,"y":0},"gradient":"linear-gradient(135deg,rgba(6,147,227,1) 0%,rgb(155,81,224) 100%)","background_repeat":"repeat","background_size":"auto","background_attachment":"scroll","patternColor":{"default":{"color":"#e5e7ea"}},"overlayColor":{"default":{"color":"CT_CSS_SKIP_RULE"}},"backgroundColor":{"default":{"color":"CT_CSS_SKIP_RULE"}}},"content_background":{"background_type":"color","background_pattern":"type-1","background_image":{"attachment_id":null,"x":0,"y":0},"gradient":"linear-gradient(135deg,rgba(6,147,227,1) 0%,rgb(155,81,224) 100%)","background_repeat":"repeat","background_size":"auto","background_attachment":"scroll","patternColor":{"default":{"color":"#e5e7ea"}},"overlayColor":{"default":{"color":"CT_CSS_SKIP_RULE"}},"backgroundColor":{"default":{"color":"var(--theme-palette-color-8)"}}},"content_boxed_shadow":{"inherit":false,"blur":18,"spread":-6,"v_offset":12,"h_offset":0,"inset":false,"enable":true,"color":{"color":"rgba(34, 56, 101, 0.04)"}},"boxed_content_spacing":{"desktop":{"top":"40px","bottom":"40px","left":"40px","right":"40px","linked":true},"tablet":{"top":"35px","bottom":"35px","left":"35px","right":"35px","linked":true},"mobile":{"top":"20px","bottom":"20px","left":"20px","right":"20px","linked":true}},"content_boxed_radius":{"top":"3px","bottom":"3px","left":"3px","right":"3px","linked":true},"69018f09012fcdf8b75a0d6ef6791099":"","disable_featured_image":"no","disable_share_box":"no","disable_header":"no","disable_footer":"no","styles_descriptor":{"styles":{"desktop":"","tablet":"","mobile":""},"google_fonts":[],"version":6}},"_links":{"self":[{"href":"https:\/\/piotrzawadzki.pl\/index.php\/wp-json\/wp\/v2\/pages\/772","targetHints":{"allow":["GET"]}}],"collection":[{"href":"https:\/\/piotrzawadzki.pl\/index.php\/wp-json\/wp\/v2\/pages"}],"about":[{"href":"https:\/\/piotrzawadzki.pl\/index.php\/wp-json\/wp\/v2\/types\/page"}],"author":[{"embeddable":true,"href":"https:\/\/piotrzawadzki.pl\/index.php\/wp-json\/wp\/v2\/users\/1"}],"replies":[{"embeddable":true,"href":"https:\/\/piotrzawadzki.pl\/index.php\/wp-json\/wp\/v2\/comments?post=772"}],"version-history":[{"count":55,"href":"https:\/\/piotrzawadzki.pl\/index.php\/wp-json\/wp\/v2\/pages\/772\/revisions"}],"predecessor-version":[{"id":990,"href":"https:\/\/piotrzawadzki.pl\/index.php\/wp-json\/wp\/v2\/pages\/772\/revisions\/990"}],"wp:attachment":[{"href":"https:\/\/piotrzawadzki.pl\/index.php\/wp-json\/wp\/v2\/media?parent=772"}],"curies":[{"name":"wp","href":"https:\/\/api.w.org\/{rel}","templated":true}]}}